{"id":2128,"date":"2013-01-26T20:00:13","date_gmt":"2013-01-26T20:00:13","guid":{"rendered":"https:\/\/algerienetwork.com\/economie\/?page_id=2128"},"modified":"2013-01-26T20:00:13","modified_gmt":"2013-01-26T20:00:13","slug":"conditions-dutilisation-2","status":"publish","type":"page","link":"https:\/\/algerienetwork.com\/economie\/conditions-dutilisation-2\/","title":{"rendered":"Conditions d&rsquo;utilisation"},"content":{"rendered":"<p><a href=\"https:\/\/algerienetwork.com\/economie\/wp-content\/uploads\/2012\/09\/an.jpg\"><img loading=\"lazy\" decoding=\"async\" class=\"aligncenter size-full wp-image-11065\" src=\"https:\/\/algerienetwork.com\/economie\/wp-content\/uploads\/2012\/09\/an.jpg\" alt=\"an\" width=\"800\" height=\"480\" \/><\/a><\/p>\n<h4 style=\"text-align: center;\"><span style=\"color: #993300;\">Conditions d&rsquo;utilisations du site et des commentaires<\/span><\/h4>\n<p><strong style=\"line-height: 1.5em;\">Les commentaires sont ouverts \u00e0 toute personne qui respecte les conditions d&rsquo;utilisation suivantes de Algerie Network ;<\/strong><\/p>\n<p><strong>1- Les propos diffamatoires, obsc\u00e8nes, discriminatoires bas\u00e9s, entre autres, sur la race, le sexe, la religion, la nationalit\u00e9 ou l\u2019orientation sexuelle, ne seront pas publi\u00e9s, tout comme ceux incitant \u00e0 la haine ou \u00e0 la violence.<\/strong><\/p>\n<p><strong>2- Les propos injurieux, notamment envers les auteurs des articles comment\u00e9s ou envers d&rsquo;autres internautes, ne seront pas non plus retenus. Nous encourageons les internautes \u00e0 faire preuve de respect et de courtoisie.<\/strong><\/p>\n<p><strong>3- Les commentaires doivent \u00eatre compr\u00e9hensibles, avoir rapport avec l&rsquo;article comment\u00e9 et qui rajoute quelques chose \u00e0 l&rsquo;article.<\/strong><\/p>\n<p style=\"text-align: center;\"><span style=\"color: #993300;\"><strong>4- La critique sens\u00e9 du contenue de l\u2019article est tol\u00e9r\u00e9e mais jamais le jugement sur l&rsquo;auteur \u00a0!<\/strong><\/span><\/p>\n<p><strong>5- La r\u00e9p\u00e9tition de messages identiques ou tr\u00e8s voisins est non autoris\u00e9e.<\/strong><\/p>\n<p><strong>6- Les commentaires comportant trop de majuscules ne seront pas publi\u00e9s.<\/strong><\/p>\n<p><strong>7- Les liens externes propos\u00e9s dans les commentaires ne rel\u00e8vent pas de note responsabilit\u00e9, et les mod\u00e9rateurs du site ne sont pas tenus de tous les v\u00e9rifier. Par cons\u00e9quent, un commentaire qui en comporte trop ne sera pas publi\u00e9, tout comme les commentaires comportant des hyperliens non pertinents, ou des liens pour des entreprises commerciales, des blogues personnels, des vid\u00e9os de source inconnue. Sont aussi refus\u00e9s des commentaires qui invitent nos lecteurs \u00e0 visiter les sites web de concurrents.<\/strong><\/p>\n<p><strong>8- Sont aussi rejet\u00e9s les commentaires qui comportaient des donn\u00e9es personnelles: \u00a0adresse courriel personnelle, num\u00e9ro de t\u00e9l\u00e9phone, adresse civique.<\/strong><\/p>\n<p><strong style=\"line-height: 1.5em;\">9- <strong><span style=\"color: #008000;\">Si un commentaire comporte \u00e0 notre connaissance une information fausse, nous ne le publierons pas.<\/span>\u00a0<\/strong><span style=\"color: #008000;\">Algerie Network n&rsquo;est pas responsable des articles et commentaires des auteurs et commentateurs. Il donne juste l&rsquo;information contradictoire sans n\u00e9cessairement partager l&rsquo;avis. Si un article ou commentaire est copi\u00e9 sans la r\u00e9f\u00e9rence \u00e0 son auteur ou qu&rsquo;il est contre la net \u00e9thique (m\u0153urs, haine raciale, islamophobie, antis\u00e9mitisme, homophobie. menaces, diffamations ou autre ..),\u00a0<\/span><\/strong><strong style=\"line-height: 1.5em;\"><span style=\"color: #008000;\">s&rsquo;il vous plait contacter nous pour l&rsquo;enlever <\/span><span style=\"color: #993300;\">!<\/span><\/strong><\/p>\n<h4 style=\"text-align: center;\"><span style=\"color: #993300;\"><strong>Contactez le journal <\/strong>; info@algerienetwork.com<\/span><\/h4>\n<p>&nbsp;<\/p>\n<ul>\n<li><a href=\"https:\/\/algerienetwork.com\/economie\/qui-sommes-nous-2\/\">Qui sommes nous ?<\/a><\/li>\n<li><a href=\"https:\/\/algerienetwork.com\/economie\/conditions-dutilisation-2\/\">Conditions d\u2019utilisation<\/a><\/li>\n<li><a href=\"https:\/\/algerienetwork.com\/economie\/rejoindre-algerie-network\/\">Rejoindre Algerie Network<\/a><\/li>\n<li><a href=\"https:\/\/algerienetwork.com\/economie\/contribution-soumettre-un-article\/\">Soumettre un article<\/a><\/li>\n<li><a href=\"https:\/\/algerienetwork.com\/economie\/votre-publicite\/\">Votre Publicit\u00e9<\/a><\/li>\n<\/ul>\n<p><a href=\"https:\/\/algerienetwork.com\/economie\/contact\/\"><img loading=\"lazy\" decoding=\"async\" class=\"aligncenter size-full wp-image-11255\" src=\"https:\/\/algerienetwork.com\/economie\/wp-content\/uploads\/2013\/07\/contactez-nous.png\" alt=\"nous-contacter (1)\" width=\"267\" height=\"143\" \/><\/a><\/p>\n<p>&nbsp;<\/p>\n","protected":false},"excerpt":{"rendered":"<p>Conditions d&rsquo;utilisations du site et des commentaires Les commentaires sont ouverts \u00e0 toute personne qui respecte les conditions d&rsquo;utilisation suivantes de Algerie Network ; 1- Les propos diffamatoires, obsc\u00e8nes, discriminatoires bas\u00e9s, entre autres, sur la race, le sexe, la religion, la nationalit\u00e9 ou l\u2019orientation sexuelle, ne seront pas publi\u00e9s, tout comme ceux incitant \u00e0 la [&hellip;]<\/p>\n","protected":false},"author":1,"featured_media":8310,"parent":0,"menu_order":0,"comment_status":"open","ping_status":"open","template":"","meta":{"tdm_status":"","tdm_grid_status":"","footnotes":""},"class_list":["post-2128","page","type-page","status-publish","has-post-thumbnail"],"yoast_head":"<!-- This site is optimized with the Yoast SEO plugin v27.4 - https:\/\/yoast.com\/product\/yoast-seo-wordpress\/ -->\n<title>Conditions d&#039;utilisation - Algerie Network<\/title>\n<meta name=\"robots\" content=\"index, follow, max-snippet:-1, max-image-preview:large, max-video-preview:-1\" \/>\n<link rel=\"canonical\" href=\"https:\/\/algerienetwork.com\/economie\/conditions-dutilisation-2\/\" \/>\n<meta property=\"og:locale\" content=\"fr_FR\" \/>\n<meta property=\"og:type\" content=\"article\" \/>\n<meta property=\"og:title\" content=\"Conditions d&#039;utilisation - Algerie Network\" \/>\n<meta property=\"og:description\" content=\"Conditions d&rsquo;utilisations du site et des commentaires Les commentaires sont ouverts \u00e0 toute personne qui respecte les conditions d&rsquo;utilisation suivantes de Algerie Network ; 1- Les propos diffamatoires, obsc\u00e8nes, discriminatoires bas\u00e9s, entre autres, sur la race, le sexe, la religion, la nationalit\u00e9 ou l\u2019orientation sexuelle, ne seront pas publi\u00e9s, tout comme ceux incitant \u00e0 la [&hellip;]\" \/>\n<meta property=\"og:url\" content=\"https:\/\/algerienetwork.com\/economie\/conditions-dutilisation-2\/\" \/>\n<meta property=\"og:site_name\" content=\"Algerie Network\" \/>\n<meta name=\"twitter:card\" content=\"summary_large_image\" \/>\n<meta name=\"twitter:label1\" content=\"Dur\u00e9e de lecture estim\u00e9e\" \/>\n\t<meta name=\"twitter:data1\" content=\"2 minutes\" \/>\n<script type=\"application\/ld+json\" class=\"yoast-schema-graph\">{\"@context\":\"https:\\\/\\\/schema.org\",\"@graph\":[{\"@type\":\"WebPage\",\"@id\":\"https:\\\/\\\/algerienetwork.com\\\/economie\\\/conditions-dutilisation-2\\\/\",\"url\":\"https:\\\/\\\/algerienetwork.com\\\/economie\\\/conditions-dutilisation-2\\\/\",\"name\":\"Conditions d'utilisation - Algerie Network\",\"isPartOf\":{\"@id\":\"https:\\\/\\\/algerienetwork.com\\\/economie\\\/#website\"},\"primaryImageOfPage\":{\"@id\":\"https:\\\/\\\/algerienetwork.com\\\/economie\\\/conditions-dutilisation-2\\\/#primaryimage\"},\"image\":{\"@id\":\"https:\\\/\\\/algerienetwork.com\\\/economie\\\/conditions-dutilisation-2\\\/#primaryimage\"},\"thumbnailUrl\":\"\",\"datePublished\":\"2013-01-26T20:00:13+00:00\",\"breadcrumb\":{\"@id\":\"https:\\\/\\\/algerienetwork.com\\\/economie\\\/conditions-dutilisation-2\\\/#breadcrumb\"},\"inLanguage\":\"fr-FR\",\"potentialAction\":[{\"@type\":\"ReadAction\",\"target\":[\"https:\\\/\\\/algerienetwork.com\\\/economie\\\/conditions-dutilisation-2\\\/\"]}]},{\"@type\":\"ImageObject\",\"inLanguage\":\"fr-FR\",\"@id\":\"https:\\\/\\\/algerienetwork.com\\\/economie\\\/conditions-dutilisation-2\\\/#primaryimage\",\"url\":\"\",\"contentUrl\":\"\"},{\"@type\":\"BreadcrumbList\",\"@id\":\"https:\\\/\\\/algerienetwork.com\\\/economie\\\/conditions-dutilisation-2\\\/#breadcrumb\",\"itemListElement\":[{\"@type\":\"ListItem\",\"position\":1,\"name\":\"Accueil\",\"item\":\"https:\\\/\\\/algerienetwork.com\\\/economie\\\/\"},{\"@type\":\"ListItem\",\"position\":2,\"name\":\"Conditions d&rsquo;utilisation\"}]},{\"@type\":\"WebSite\",\"@id\":\"https:\\\/\\\/algerienetwork.com\\\/economie\\\/#website\",\"url\":\"https:\\\/\\\/algerienetwork.com\\\/economie\\\/\",\"name\":\"Algerie Network\",\"description\":\"Informations alg\u00e9riennes\",\"potentialAction\":[{\"@type\":\"SearchAction\",\"target\":{\"@type\":\"EntryPoint\",\"urlTemplate\":\"https:\\\/\\\/algerienetwork.com\\\/economie\\\/?s={search_term_string}\"},\"query-input\":{\"@type\":\"PropertyValueSpecification\",\"valueRequired\":true,\"valueName\":\"search_term_string\"}}],\"inLanguage\":\"fr-FR\"}]}<\/script>\n<!-- \/ Yoast SEO plugin. -->","yoast_head_json":{"title":"Conditions d'utilisation - Algerie Network","robots":{"index":"index","follow":"follow","max-snippet":"max-snippet:-1","max-image-preview":"max-image-preview:large","max-video-preview":"max-video-preview:-1"},"canonical":"https:\/\/algerienetwork.com\/economie\/conditions-dutilisation-2\/","og_locale":"fr_FR","og_type":"article","og_title":"Conditions d'utilisation - Algerie Network","og_description":"Conditions d&rsquo;utilisations du site et des commentaires Les commentaires sont ouverts \u00e0 toute personne qui respecte les conditions d&rsquo;utilisation suivantes de Algerie Network ; 1- Les propos diffamatoires, obsc\u00e8nes, discriminatoires bas\u00e9s, entre autres, sur la race, le sexe, la religion, la nationalit\u00e9 ou l\u2019orientation sexuelle, ne seront pas publi\u00e9s, tout comme ceux incitant \u00e0 la [&hellip;]","og_url":"https:\/\/algerienetwork.com\/economie\/conditions-dutilisation-2\/","og_site_name":"Algerie Network","twitter_card":"summary_large_image","twitter_misc":{"Dur\u00e9e de lecture estim\u00e9e":"2 minutes"},"schema":{"@context":"https:\/\/schema.org","@graph":[{"@type":"WebPage","@id":"https:\/\/algerienetwork.com\/economie\/conditions-dutilisation-2\/","url":"https:\/\/algerienetwork.com\/economie\/conditions-dutilisation-2\/","name":"Conditions d'utilisation - Algerie Network","isPartOf":{"@id":"https:\/\/algerienetwork.com\/economie\/#website"},"primaryImageOfPage":{"@id":"https:\/\/algerienetwork.com\/economie\/conditions-dutilisation-2\/#primaryimage"},"image":{"@id":"https:\/\/algerienetwork.com\/economie\/conditions-dutilisation-2\/#primaryimage"},"thumbnailUrl":"","datePublished":"2013-01-26T20:00:13+00:00","breadcrumb":{"@id":"https:\/\/algerienetwork.com\/economie\/conditions-dutilisation-2\/#breadcrumb"},"inLanguage":"fr-FR","potentialAction":[{"@type":"ReadAction","target":["https:\/\/algerienetwork.com\/economie\/conditions-dutilisation-2\/"]}]},{"@type":"ImageObject","inLanguage":"fr-FR","@id":"https:\/\/algerienetwork.com\/economie\/conditions-dutilisation-2\/#primaryimage","url":"","contentUrl":""},{"@type":"BreadcrumbList","@id":"https:\/\/algerienetwork.com\/economie\/conditions-dutilisation-2\/#breadcrumb","itemListElement":[{"@type":"ListItem","position":1,"name":"Accueil","item":"https:\/\/algerienetwork.com\/economie\/"},{"@type":"ListItem","position":2,"name":"Conditions d&rsquo;utilisation"}]},{"@type":"WebSite","@id":"https:\/\/algerienetwork.com\/economie\/#website","url":"https:\/\/algerienetwork.com\/economie\/","name":"Algerie Network","description":"Informations alg\u00e9riennes","potentialAction":[{"@type":"SearchAction","target":{"@type":"EntryPoint","urlTemplate":"https:\/\/algerienetwork.com\/economie\/?s={search_term_string}"},"query-input":{"@type":"PropertyValueSpecification","valueRequired":true,"valueName":"search_term_string"}}],"inLanguage":"fr-FR"}]}},"_links":{"self":[{"href":"https:\/\/algerienetwork.com\/economie\/wp-json\/wp\/v2\/pages\/2128","targetHints":{"allow":["GET"]}}],"collection":[{"href":"https:\/\/algerienetwork.com\/economie\/wp-json\/wp\/v2\/pages"}],"about":[{"href":"https:\/\/algerienetwork.com\/economie\/wp-json\/wp\/v2\/types\/page"}],"author":[{"embeddable":true,"href":"https:\/\/algerienetwork.com\/economie\/wp-json\/wp\/v2\/users\/1"}],"replies":[{"embeddable":true,"href":"https:\/\/algerienetwork.com\/economie\/wp-json\/wp\/v2\/comments?post=2128"}],"version-history":[{"count":0,"href":"https:\/\/algerienetwork.com\/economie\/wp-json\/wp\/v2\/pages\/2128\/revisions"}],"wp:featuredmedia":[{"embeddable":true,"href":"https:\/\/algerienetwork.com\/economie\/wp-json\/"}],"wp:attachment":[{"href":"https:\/\/algerienetwork.com\/economie\/wp-json\/wp\/v2\/media?parent=2128"}],"curies":[{"name":"wp","href":"https:\/\/api.w.org\/{rel}","templated":true}]}}