{"id":3675,"date":"2013-05-05T11:49:23","date_gmt":"2013-05-05T11:49:23","guid":{"rendered":"https:\/\/algerienetwork.com\/economie\/?page_id=3675"},"modified":"2013-05-05T11:49:23","modified_gmt":"2013-05-05T11:49:23","slug":"recrutement","status":"publish","type":"page","link":"https:\/\/algerienetwork.com\/economie\/recrutement\/","title":{"rendered":"Recrutement !"},"content":{"rendered":"<p><strong><span style=\"color: #993300;\">1-Journalistes<\/span>\u00a0<\/strong>les candidats doivent poss\u00e9der une excellente ma\u00eetrise du fran\u00e7ais, une bonne \u00a0culture g\u00e9n\u00e9rale, de l\u2019exp\u00e9rience dans le traitement de la nouvelle d\u2019actualit\u00e9 dans un m\u00e9dia \u00a0\u00e9crit, web\u00a0et\u00a0les m\u00e9dias\u00a0sociaux\u00a0. vous pourriez \u00eatre ce candidat, si vous avez notamment \u00a0travaill\u00e9 dans un journal quotidien ou un hebdomadaire ou bien seulement pour le plaisir de \u00a0partage. nous recherchons des personnes autonomes et dot\u00e9es d\u2019un esprit d\u2019initiative.<\/p>\n<p><strong><span style=\"color: #993300;\">2- Sp\u00e9cialiste Site Web<\/span>\u00a0<\/strong>pour aider \u00e0 la conception, graphisme et marketing de son site web<\/p>\n<p><strong><span style=\"color: #993300;\">3- Stagiaires\u00a0<\/span><\/strong>en tant que journalistes, web designer, marketing, programmeur web, int\u00e9grateur \u00a0Web<\/p>\n<p><strong><span style=\"color: #993300;\">4- Chroniqueurs\u00a0<\/span><\/strong>pour les chroniques infos et les blogs.<\/p>\n<blockquote>\n<h2 style=\"text-align: right;\"><strong>Les personnes int\u00e9ress\u00e9s \u00e0\u00a0nous\u00a0rejoindre pourront nous contacter\u00a0comme suit ;<\/strong><\/h2>\n<\/blockquote>\n<p style=\"text-align: justify;\"><strong>&#8211; Envoyer une lettre de pr\u00e9sentation \u00e0 ;\u00a0<\/strong>info@algerienetwork.com<\/p>\n<p style=\"text-align: justify;\">&#8211; dans notre notre page <a href=\"https:\/\/www.facebook.com\/AlgerieNetwork\" target=\"_blank\" rel=\"noopener noreferrer\">facebook<\/a><\/p>\n<p style=\"text-align: justify;\">ou remplir ce formunaire<\/p>\n<p style=\"text-align: justify;\"><span style=\"color: #222222;\">[si-contact-form form=&rsquo;1&prime;]<\/span><\/p>\n<p>&nbsp;<\/p>\n","protected":false},"excerpt":{"rendered":"<p>1-Journalistes\u00a0les candidats doivent poss\u00e9der une excellente ma\u00eetrise du fran\u00e7ais, une bonne \u00a0culture g\u00e9n\u00e9rale, de l\u2019exp\u00e9rience dans le traitement de la nouvelle d\u2019actualit\u00e9 dans un m\u00e9dia \u00a0\u00e9crit, web\u00a0et\u00a0les m\u00e9dias\u00a0sociaux\u00a0. vous pourriez \u00eatre ce candidat, si vous avez notamment \u00a0travaill\u00e9 dans un journal quotidien ou un hebdomadaire ou bien seulement pour le plaisir de \u00a0partage. nous recherchons [&hellip;]<\/p>\n","protected":false},"author":1,"featured_media":0,"parent":0,"menu_order":0,"comment_status":"closed","ping_status":"closed","template":"","meta":{"tdm_status":"","tdm_grid_status":"","footnotes":""},"class_list":["post-3675","page","type-page","status-publish"],"yoast_head":"<!-- This site is optimized with the Yoast SEO plugin v27.4 - https:\/\/yoast.com\/product\/yoast-seo-wordpress\/ -->\n<title>Recrutement ! - Algerie Network<\/title>\n<meta name=\"robots\" content=\"index, follow, max-snippet:-1, max-image-preview:large, max-video-preview:-1\" \/>\n<link rel=\"canonical\" href=\"https:\/\/algerienetwork.com\/economie\/recrutement\/\" \/>\n<meta property=\"og:locale\" content=\"fr_FR\" \/>\n<meta property=\"og:type\" content=\"article\" \/>\n<meta property=\"og:title\" content=\"Recrutement ! - Algerie Network\" \/>\n<meta property=\"og:description\" content=\"1-Journalistes\u00a0les candidats doivent poss\u00e9der une excellente ma\u00eetrise du fran\u00e7ais, une bonne \u00a0culture g\u00e9n\u00e9rale, de l\u2019exp\u00e9rience dans le traitement de la nouvelle d\u2019actualit\u00e9 dans un m\u00e9dia \u00a0\u00e9crit, web\u00a0et\u00a0les m\u00e9dias\u00a0sociaux\u00a0. vous pourriez \u00eatre ce candidat, si vous avez notamment \u00a0travaill\u00e9 dans un journal quotidien ou un hebdomadaire ou bien seulement pour le plaisir de \u00a0partage. nous recherchons [&hellip;]\" \/>\n<meta property=\"og:url\" content=\"https:\/\/algerienetwork.com\/economie\/recrutement\/\" \/>\n<meta property=\"og:site_name\" content=\"Algerie Network\" \/>\n<meta name=\"twitter:card\" content=\"summary_large_image\" \/>\n<meta name=\"twitter:label1\" content=\"Dur\u00e9e de lecture estim\u00e9e\" \/>\n\t<meta name=\"twitter:data1\" content=\"1 minute\" \/>\n<script type=\"application\/ld+json\" class=\"yoast-schema-graph\">{\"@context\":\"https:\\\/\\\/schema.org\",\"@graph\":[{\"@type\":\"WebPage\",\"@id\":\"https:\\\/\\\/algerienetwork.com\\\/economie\\\/recrutement\\\/\",\"url\":\"https:\\\/\\\/algerienetwork.com\\\/economie\\\/recrutement\\\/\",\"name\":\"Recrutement ! - Algerie Network\",\"isPartOf\":{\"@id\":\"https:\\\/\\\/algerienetwork.com\\\/economie\\\/#website\"},\"datePublished\":\"2013-05-05T11:49:23+00:00\",\"breadcrumb\":{\"@id\":\"https:\\\/\\\/algerienetwork.com\\\/economie\\\/recrutement\\\/#breadcrumb\"},\"inLanguage\":\"fr-FR\",\"potentialAction\":[{\"@type\":\"ReadAction\",\"target\":[\"https:\\\/\\\/algerienetwork.com\\\/economie\\\/recrutement\\\/\"]}]},{\"@type\":\"BreadcrumbList\",\"@id\":\"https:\\\/\\\/algerienetwork.com\\\/economie\\\/recrutement\\\/#breadcrumb\",\"itemListElement\":[{\"@type\":\"ListItem\",\"position\":1,\"name\":\"Accueil\",\"item\":\"https:\\\/\\\/algerienetwork.com\\\/economie\\\/\"},{\"@type\":\"ListItem\",\"position\":2,\"name\":\"Recrutement !\"}]},{\"@type\":\"WebSite\",\"@id\":\"https:\\\/\\\/algerienetwork.com\\\/economie\\\/#website\",\"url\":\"https:\\\/\\\/algerienetwork.com\\\/economie\\\/\",\"name\":\"Algerie Network\",\"description\":\"Informations alg\u00e9riennes\",\"potentialAction\":[{\"@type\":\"SearchAction\",\"target\":{\"@type\":\"EntryPoint\",\"urlTemplate\":\"https:\\\/\\\/algerienetwork.com\\\/economie\\\/?s={search_term_string}\"},\"query-input\":{\"@type\":\"PropertyValueSpecification\",\"valueRequired\":true,\"valueName\":\"search_term_string\"}}],\"inLanguage\":\"fr-FR\"}]}<\/script>\n<!-- \/ Yoast SEO plugin. -->","yoast_head_json":{"title":"Recrutement ! - Algerie Network","robots":{"index":"index","follow":"follow","max-snippet":"max-snippet:-1","max-image-preview":"max-image-preview:large","max-video-preview":"max-video-preview:-1"},"canonical":"https:\/\/algerienetwork.com\/economie\/recrutement\/","og_locale":"fr_FR","og_type":"article","og_title":"Recrutement ! - Algerie Network","og_description":"1-Journalistes\u00a0les candidats doivent poss\u00e9der une excellente ma\u00eetrise du fran\u00e7ais, une bonne \u00a0culture g\u00e9n\u00e9rale, de l\u2019exp\u00e9rience dans le traitement de la nouvelle d\u2019actualit\u00e9 dans un m\u00e9dia \u00a0\u00e9crit, web\u00a0et\u00a0les m\u00e9dias\u00a0sociaux\u00a0. vous pourriez \u00eatre ce candidat, si vous avez notamment \u00a0travaill\u00e9 dans un journal quotidien ou un hebdomadaire ou bien seulement pour le plaisir de \u00a0partage. nous recherchons [&hellip;]","og_url":"https:\/\/algerienetwork.com\/economie\/recrutement\/","og_site_name":"Algerie Network","twitter_card":"summary_large_image","twitter_misc":{"Dur\u00e9e de lecture estim\u00e9e":"1 minute"},"schema":{"@context":"https:\/\/schema.org","@graph":[{"@type":"WebPage","@id":"https:\/\/algerienetwork.com\/economie\/recrutement\/","url":"https:\/\/algerienetwork.com\/economie\/recrutement\/","name":"Recrutement ! - Algerie Network","isPartOf":{"@id":"https:\/\/algerienetwork.com\/economie\/#website"},"datePublished":"2013-05-05T11:49:23+00:00","breadcrumb":{"@id":"https:\/\/algerienetwork.com\/economie\/recrutement\/#breadcrumb"},"inLanguage":"fr-FR","potentialAction":[{"@type":"ReadAction","target":["https:\/\/algerienetwork.com\/economie\/recrutement\/"]}]},{"@type":"BreadcrumbList","@id":"https:\/\/algerienetwork.com\/economie\/recrutement\/#breadcrumb","itemListElement":[{"@type":"ListItem","position":1,"name":"Accueil","item":"https:\/\/algerienetwork.com\/economie\/"},{"@type":"ListItem","position":2,"name":"Recrutement !"}]},{"@type":"WebSite","@id":"https:\/\/algerienetwork.com\/economie\/#website","url":"https:\/\/algerienetwork.com\/economie\/","name":"Algerie Network","description":"Informations alg\u00e9riennes","potentialAction":[{"@type":"SearchAction","target":{"@type":"EntryPoint","urlTemplate":"https:\/\/algerienetwork.com\/economie\/?s={search_term_string}"},"query-input":{"@type":"PropertyValueSpecification","valueRequired":true,"valueName":"search_term_string"}}],"inLanguage":"fr-FR"}]}},"_links":{"self":[{"href":"https:\/\/algerienetwork.com\/economie\/wp-json\/wp\/v2\/pages\/3675","targetHints":{"allow":["GET"]}}],"collection":[{"href":"https:\/\/algerienetwork.com\/economie\/wp-json\/wp\/v2\/pages"}],"about":[{"href":"https:\/\/algerienetwork.com\/economie\/wp-json\/wp\/v2\/types\/page"}],"author":[{"embeddable":true,"href":"https:\/\/algerienetwork.com\/economie\/wp-json\/wp\/v2\/users\/1"}],"replies":[{"embeddable":true,"href":"https:\/\/algerienetwork.com\/economie\/wp-json\/wp\/v2\/comments?post=3675"}],"version-history":[{"count":0,"href":"https:\/\/algerienetwork.com\/economie\/wp-json\/wp\/v2\/pages\/3675\/revisions"}],"wp:attachment":[{"href":"https:\/\/algerienetwork.com\/economie\/wp-json\/wp\/v2\/media?parent=3675"}],"curies":[{"name":"wp","href":"https:\/\/api.w.org\/{rel}","templated":true}]}}