{"id":442,"date":"2012-09-24T23:47:33","date_gmt":"2012-09-24T23:47:33","guid":{"rendered":"http:\/\/algerienetwork.com\/blog\/?page_id=442"},"modified":"2012-09-24T23:47:33","modified_gmt":"2012-09-24T23:47:33","slug":"qui-sommes-nous-2","status":"publish","type":"page","link":"https:\/\/algerienetwork.com\/economie\/qui-sommes-nous-2\/","title":{"rendered":"Qui sommes nous"},"content":{"rendered":"<p style=\"text-align: center;\"><strong><a href=\"https:\/\/algerienetwork.com\/economie\/algerie-network-logo3\/\"><img loading=\"lazy\" decoding=\"async\" class=\"alignleft size-full wp-image-14191\" src=\"https:\/\/algerienetwork.com\/economie\/wp-content\/uploads\/2016\/07\/algerie-network-logo3.png\" alt=\"algerie network logo3\" width=\"135\" height=\"144\" \/><\/a>Alg\u00e9rie\u00a0Network<\/strong>\u00a0est un journal en ligne sur l\u2019information en Alg\u00e9rie et dans la diaspora ;<\/p>\n<h2 style=\"text-align: center;\"><span style=\"color: #993300;\"><strong>Ligne \u00c9ditoriale <\/strong>\u00a0<\/span><\/h2>\n<p>1-\u00a0<strong>Ind\u00e9pendant<\/strong><strong>\u00a0<\/strong>de toute tutelles ; \u00e9tats, institutions, et autres affiliations politique, financiere, id\u00e9ologique ou autre !<\/p>\n<p>Nous sommes a-politis\u00e9 et non partisans de toute id\u00e9e; id\u00e9ologie ou id\u00e9alisme. Nous essayons juste de comprendre au del\u00e0 de l\u2019\u00e9v\u00e9nement, le sens en dehors de l\u2019espace et du temps &#8230; une vision comme l&rsquo;a voulait Montesquieu ; loin, juste et vite &#8230; une pens\u00e9e qui assume son incompl\u00e9tude et son rejet de tout monopole ou l\u00e9gitimit\u00e9 de V\u00e9rit\u00e9 ou de Vertu dans la politique qui n&rsquo;a de sens pour nous que dans le darwinisme de la survie \u00e9cologique des groupes pr\u00e9dateurs-proies !<\/p>\n<p>2-\u00a0<strong>Patriote<\/strong>\u00a0pour tout ce qui touche le bien de notre pays et communaut\u00e9 en Alg\u00e9rie et dans le monde.<\/p>\n<p>3-\u00a0<strong>B\u00e9n\u00e9vole<\/strong>, nous avons donc besoin de toute critique, aide, promotion, &#8230; ind\u00e9pendante et citoyenne. C&rsquo;est uniquement ensemble dans la synergie et la solidarit\u00e9 qu&rsquo;on peut faire la diff\u00e9rence &#8230;<\/p>\n<p>4-\u00a0\u00a0<strong>Rien ne sert a maudire l&rsquo;obscurit\u00e9<\/strong>\u00a0contre le syst\u00e8me mais de faire revivre l&rsquo;espoir et la confiance qui ont \u00e9t\u00e9 d\u00e9truites. Nous ne sommes pas concern\u00e9s \u00e0 faire l&rsquo;apologie ou la destruction de personalit\u00e9s publiques mais uniquement \u00e0 d\u00e9battre des id\u00e9es de personnes sans toucher \u00e0 leur dignit\u00e9 humaine et personelle.<\/p>\n<p>5-<strong>\u00a0Libert\u00e9 d&rsquo;expression bio diverse<\/strong>\u00a0; tout le monde a le devoir plus que le droit de penser et de s&rsquo;exprimer librement avec juste la condition d&rsquo;intelligence de d\u00e9bat \u00a0et la ligne rouge du respect de la digit\u00e9 des autres.<\/p>\n<p>6- nous privil\u00e9gions les<strong>\u00a0projets potentiels pratiques<\/strong>\u00a0; think tank, info, culture, \u00e9ducation, \u00e9conomie (emploi -formation et entreprise), d\u00e9veloppent durable et \u00e9nergie renouvelables, \u00e9mancipation des femmes, int\u00e9gration maghr\u00e9bine\u00a0 et autre &#8230;<\/p>\n<p>7-\u00a0<strong>Honneur<\/strong><strong>\u00a0<\/strong>de naitre alg\u00e9rien, fiert\u00e9, gratitude et fid\u00e9lit\u00e9 envers les chouhadas, continuit\u00e9 de l&rsquo;esprit dans la modernit\u00e9 sans renier sa source ; musulmane-arabe-amazigh<\/p>\n<p>Nous tenons \u00e0\u00a0<strong>remercier<\/strong>\u00a0toutes et tous ceux qui sont pass\u00e9s par Algerie Network et qui ont donn\u00e9 leurs temps et leurs pens\u00e9es pour leur communaut\u00e9 en Alg\u00e9rie et dans le monde pour les id\u00e9aux et valeurs\u00a0<strong>de libert\u00e9, de modernit\u00e9 et de prosp\u00e9rit\u00e9<\/strong>\u00a0pour tous nos enfants, tous dans leur riche bio-diversit\u00e9 de langue, de religions et de libres pens\u00e9es &#8230;<\/p>\n<h2 style=\"text-align: center;\"><span style=\"color: #993300;\"><strong>R\u00e9dacteur en chef\u00a0<\/strong><\/span><\/h2>\n<p><a href=\"http:\/\/jamouli.com\/\">Jamouli Ouzidane<\/a><\/p>\n<p>\u00ab\u00a0<em>Par chance je suis d\u00e9pourvu de toute ambition politique ou sociale, en sorte que je n&rsquo;ai \u00e0 craindre aucun danger de ce c\u00f4t\u00e9-l\u00e0, rien qui me retienne, rien qui me force \u00e0 des transactions et \u00e0 des m\u00e9nagements ; bref j&rsquo;ai le droit<\/em>\u00a0de dire tout haut ce que je pense, et je veux une bonne fois tenter l&rsquo;\u00e9preuve qui fera voir jusqu&rsquo;\u00e0 quel point nos semblables, si fiers de leur libert\u00e9 de pens\u00e9e, supportent de libres pens\u00e9es.\u00a0\u00bb (Friedrich Nietzsche, lettre \u00e0 Malwida von Meysenbug, 25 octobre 1874)<\/p>\n<p style=\"text-align: center;\"><strong>Contactez-nous officiellement en toutes transparence et honn\u00eatet\u00e9\u00a0<\/strong><\/p>\n<p style=\"text-align: center;\"><strong>pour tous vos questionnements, critiques, suggestions, partenariats.<\/strong><\/p>\n<p style=\"text-align: center;\"><strong>Ce journal est le votre !<\/strong><\/p>\n<p style=\"text-align: center;\"><strong>info@algerienetwork.com<\/strong><\/p>\n<div style=\"background-color: #fff120; width: 230; text-align: center;\">\n<h2 style=\"text-align: center;\"><span style=\"color: #ff00ff;\"><a style=\"color: #993300;\" href=\"http:\/\/algerienetwork.com\/blog\/\"><strong>Blogueurs<\/strong><\/a><\/span><\/h2>\n<\/div>\n<ul>\n<li class=\"cat-item cat-item-2\"><a href=\"http:\/\/algerienetwork.com\/blog\/abdelhouahab-mokhbi\/\" target=\"_blank\" rel=\"noopener noreferrer\">Abdelhouahab Mokhbi<\/a><\/li>\n<li class=\"cat-item cat-item-3\"><a href=\"http:\/\/algerienetwork.com\/blog\/ahmed-halfaoui\/\" target=\"_blank\" rel=\"noopener noreferrer\">Ahmed Halfaoui<\/a><\/li>\n<li class=\"cat-item cat-item-4\"><a href=\"http:\/\/algerienetwork.com\/blog\/ammar-koroghli\/\" target=\"_blank\" rel=\"noopener noreferrer\">Ammar Koroghli<\/a><\/li>\n<li class=\"cat-item cat-item-5\"><a href=\"http:\/\/algerienetwork.com\/blog\/arezki-maouche\/\" target=\"_blank\" rel=\"noopener noreferrer\">Arezki Maouche<\/a><\/li>\n<li class=\"cat-item cat-item-144\"><a href=\"http:\/\/algerienetwork.com\/blog\/benaouda-bouremanab\/\" target=\"_blank\" rel=\"noopener noreferrer\">Benaouda Bouremanab<\/a><\/li>\n<li class=\"cat-item cat-item-6\"><a href=\"http:\/\/algerienetwork.com\/blog\/boubekeur-ait-benali\/\" target=\"_blank\" rel=\"noopener noreferrer\">Boubekeur Ait Benali<\/a><\/li>\n<li class=\"cat-item cat-item-142\"><a href=\"http:\/\/algerienetwork.com\/blog\/brahim-senouci\/\" target=\"_blank\" rel=\"noopener noreferrer\">Brahim Senouci<\/a><\/li>\n<li class=\"cat-item cat-item-9\"><a href=\"http:\/\/algerienetwork.com\/blog\/fida-dakroub\/\" target=\"_blank\" rel=\"noopener noreferrer\">Fida Dakroub<\/a><\/li>\n<li class=\"cat-item cat-item-10\"><a href=\"http:\/\/algerienetwork.com\/blog\/hadj-abdenour\/\" target=\"_blank\" rel=\"noopener noreferrer\">Hadj Abdenour<\/a><\/li>\n<li class=\"cat-item cat-item-11\"><a href=\"http:\/\/algerienetwork.com\/blog\/hammoudi-moussaab\/\" target=\"_blank\" rel=\"noopener noreferrer\">Hammoudi Moussaab<\/a><\/li>\n<li class=\"cat-item cat-item-12\"><a href=\"http:\/\/algerienetwork.com\/blog\/invites\/\" target=\"_blank\" rel=\"noopener noreferrer\">Invit\u00e9s<\/a><\/li>\n<li class=\"cat-item cat-item-13\"><a href=\"http:\/\/algerienetwork.com\/blog\/karim-sarroub\/\" target=\"_blank\" rel=\"noopener noreferrer\">Karim Sarroub<\/a><\/li>\n<li class=\"cat-item cat-item-15\"><a href=\"http:\/\/algerienetwork.com\/blog\/malika-salma\/\" target=\"_blank\" rel=\"noopener noreferrer\">Malika Salma<\/a><\/li>\n<li class=\"cat-item cat-item-15\"><a href=\"http:\/\/algerienetwork.com\/blog\/mohammed-senni\/\" target=\"_blank\" rel=\"noopener noreferrer\">Mohammed Senni\u00a0<\/a><\/li>\n<li class=\"cat-item cat-item-16\"><a href=\"http:\/\/algerienetwork.com\/blog\/mouloud-belabdi\/\" target=\"_blank\" rel=\"noopener noreferrer\">Mouloud Belabdi<\/a><\/li>\n<li class=\"cat-item cat-item-18\"><a href=\"http:\/\/algerienetwork.com\/blog\/nourdine-amokrane\/\" target=\"_blank\" rel=\"noopener noreferrer\">Nourdine Amokrane<\/a><\/li>\n<li class=\"cat-item cat-item-19\"><a href=\"http:\/\/algerienetwork.com\/blog\/nourredine-belmouhoub\/\" target=\"_blank\" rel=\"noopener noreferrer\">Nourredine Belmouhoub<\/a><\/li>\n<li class=\"cat-item cat-item-20\"><a href=\"http:\/\/algerienetwork.com\/blog\/sadek-kheddache\/\" target=\"_blank\" rel=\"noopener noreferrer\">Sadek Kheddache<\/a><\/li>\n<li class=\"cat-item cat-item-22\"><a href=\"http:\/\/algerienetwork.com\/blog\/touhami-moualek\/\" target=\"_blank\" rel=\"noopener noreferrer\">Touhami Moualek<\/a><\/li>\n<li class=\"cat-item cat-item-140\"><a href=\"http:\/\/algerienetwork.com\/blog\/zalani-azzedine\/\" target=\"_blank\" rel=\"noopener noreferrer\">Zalani Azzedine<\/a><\/li>\n<li class=\"cat-item cat-item-23\"><a href=\"http:\/\/algerienetwork.com\/blog\/zineb-azouz\/\" target=\"_blank\" rel=\"noopener noreferrer\">Zineb Azouz<\/a><\/li>\n<\/ul>\n<h2 style=\"text-align: center;\"><\/h2>\n","protected":false},"excerpt":{"rendered":"<p>Alg\u00e9rie\u00a0Network\u00a0est un journal en ligne sur l\u2019information en Alg\u00e9rie et dans la diaspora ; Ligne \u00c9ditoriale \u00a0 1-\u00a0Ind\u00e9pendant\u00a0de toute tutelles ; \u00e9tats, institutions, et autres affiliations politique, financiere, id\u00e9ologique ou autre ! Nous sommes a-politis\u00e9 et non partisans de toute id\u00e9e; id\u00e9ologie ou id\u00e9alisme. Nous essayons juste de comprendre au del\u00e0 de l\u2019\u00e9v\u00e9nement, le sens [&hellip;]<\/p>\n","protected":false},"author":1,"featured_media":0,"parent":0,"menu_order":0,"comment_status":"open","ping_status":"open","template":"","meta":{"tdm_status":"","tdm_grid_status":"","footnotes":""},"class_list":["post-442","page","type-page","status-publish"],"yoast_head":"<!-- This site is optimized with the Yoast SEO plugin v27.4 - https:\/\/yoast.com\/product\/yoast-seo-wordpress\/ -->\n<title>Qui sommes nous - Algerie Network<\/title>\n<meta name=\"robots\" content=\"index, follow, max-snippet:-1, max-image-preview:large, max-video-preview:-1\" \/>\n<link rel=\"canonical\" href=\"https:\/\/algerienetwork.com\/economie\/qui-sommes-nous-2\/\" \/>\n<meta property=\"og:locale\" content=\"fr_FR\" \/>\n<meta property=\"og:type\" content=\"article\" \/>\n<meta property=\"og:title\" content=\"Qui sommes nous - Algerie Network\" \/>\n<meta property=\"og:description\" content=\"Alg\u00e9rie\u00a0Network\u00a0est un journal en ligne sur l\u2019information en Alg\u00e9rie et dans la diaspora ; Ligne \u00c9ditoriale \u00a0 1-\u00a0Ind\u00e9pendant\u00a0de toute tutelles ; \u00e9tats, institutions, et autres affiliations politique, financiere, id\u00e9ologique ou autre ! Nous sommes a-politis\u00e9 et non partisans de toute id\u00e9e; id\u00e9ologie ou id\u00e9alisme. Nous essayons juste de comprendre au del\u00e0 de l\u2019\u00e9v\u00e9nement, le sens [&hellip;]\" \/>\n<meta property=\"og:url\" content=\"https:\/\/algerienetwork.com\/economie\/qui-sommes-nous-2\/\" \/>\n<meta property=\"og:site_name\" content=\"Algerie Network\" \/>\n<meta property=\"og:image\" content=\"https:\/\/algerienetwork.com\/economie\/wp-content\/uploads\/2016\/07\/algerie-network-logo3.png\" \/>\n<meta name=\"twitter:card\" content=\"summary_large_image\" \/>\n<meta name=\"twitter:label1\" content=\"Dur\u00e9e de lecture estim\u00e9e\" \/>\n\t<meta name=\"twitter:data1\" content=\"3 minutes\" \/>\n<script type=\"application\/ld+json\" class=\"yoast-schema-graph\">{\"@context\":\"https:\\\/\\\/schema.org\",\"@graph\":[{\"@type\":\"WebPage\",\"@id\":\"https:\\\/\\\/algerienetwork.com\\\/economie\\\/qui-sommes-nous-2\\\/\",\"url\":\"https:\\\/\\\/algerienetwork.com\\\/economie\\\/qui-sommes-nous-2\\\/\",\"name\":\"Qui sommes nous - Algerie Network\",\"isPartOf\":{\"@id\":\"https:\\\/\\\/algerienetwork.com\\\/economie\\\/#website\"},\"primaryImageOfPage\":{\"@id\":\"https:\\\/\\\/algerienetwork.com\\\/economie\\\/qui-sommes-nous-2\\\/#primaryimage\"},\"image\":{\"@id\":\"https:\\\/\\\/algerienetwork.com\\\/economie\\\/qui-sommes-nous-2\\\/#primaryimage\"},\"thumbnailUrl\":\"https:\\\/\\\/algerienetwork.com\\\/economie\\\/wp-content\\\/uploads\\\/2016\\\/07\\\/algerie-network-logo3.png\",\"datePublished\":\"2012-09-24T23:47:33+00:00\",\"breadcrumb\":{\"@id\":\"https:\\\/\\\/algerienetwork.com\\\/economie\\\/qui-sommes-nous-2\\\/#breadcrumb\"},\"inLanguage\":\"fr-FR\",\"potentialAction\":[{\"@type\":\"ReadAction\",\"target\":[\"https:\\\/\\\/algerienetwork.com\\\/economie\\\/qui-sommes-nous-2\\\/\"]}]},{\"@type\":\"ImageObject\",\"inLanguage\":\"fr-FR\",\"@id\":\"https:\\\/\\\/algerienetwork.com\\\/economie\\\/qui-sommes-nous-2\\\/#primaryimage\",\"url\":\"https:\\\/\\\/algerienetwork.com\\\/economie\\\/wp-content\\\/uploads\\\/2016\\\/07\\\/algerie-network-logo3.png\",\"contentUrl\":\"https:\\\/\\\/algerienetwork.com\\\/economie\\\/wp-content\\\/uploads\\\/2016\\\/07\\\/algerie-network-logo3.png\"},{\"@type\":\"BreadcrumbList\",\"@id\":\"https:\\\/\\\/algerienetwork.com\\\/economie\\\/qui-sommes-nous-2\\\/#breadcrumb\",\"itemListElement\":[{\"@type\":\"ListItem\",\"position\":1,\"name\":\"Accueil\",\"item\":\"https:\\\/\\\/algerienetwork.com\\\/economie\\\/\"},{\"@type\":\"ListItem\",\"position\":2,\"name\":\"Qui sommes nous\"}]},{\"@type\":\"WebSite\",\"@id\":\"https:\\\/\\\/algerienetwork.com\\\/economie\\\/#website\",\"url\":\"https:\\\/\\\/algerienetwork.com\\\/economie\\\/\",\"name\":\"Algerie Network\",\"description\":\"Informations alg\u00e9riennes\",\"potentialAction\":[{\"@type\":\"SearchAction\",\"target\":{\"@type\":\"EntryPoint\",\"urlTemplate\":\"https:\\\/\\\/algerienetwork.com\\\/economie\\\/?s={search_term_string}\"},\"query-input\":{\"@type\":\"PropertyValueSpecification\",\"valueRequired\":true,\"valueName\":\"search_term_string\"}}],\"inLanguage\":\"fr-FR\"}]}<\/script>\n<!-- \/ Yoast SEO plugin. -->","yoast_head_json":{"title":"Qui sommes nous - Algerie Network","robots":{"index":"index","follow":"follow","max-snippet":"max-snippet:-1","max-image-preview":"max-image-preview:large","max-video-preview":"max-video-preview:-1"},"canonical":"https:\/\/algerienetwork.com\/economie\/qui-sommes-nous-2\/","og_locale":"fr_FR","og_type":"article","og_title":"Qui sommes nous - Algerie Network","og_description":"Alg\u00e9rie\u00a0Network\u00a0est un journal en ligne sur l\u2019information en Alg\u00e9rie et dans la diaspora ; Ligne \u00c9ditoriale \u00a0 1-\u00a0Ind\u00e9pendant\u00a0de toute tutelles ; \u00e9tats, institutions, et autres affiliations politique, financiere, id\u00e9ologique ou autre ! Nous sommes a-politis\u00e9 et non partisans de toute id\u00e9e; id\u00e9ologie ou id\u00e9alisme. Nous essayons juste de comprendre au del\u00e0 de l\u2019\u00e9v\u00e9nement, le sens [&hellip;]","og_url":"https:\/\/algerienetwork.com\/economie\/qui-sommes-nous-2\/","og_site_name":"Algerie Network","og_image":[{"url":"https:\/\/algerienetwork.com\/economie\/wp-content\/uploads\/2016\/07\/algerie-network-logo3.png","type":"","width":"","height":""}],"twitter_card":"summary_large_image","twitter_misc":{"Dur\u00e9e de lecture estim\u00e9e":"3 minutes"},"schema":{"@context":"https:\/\/schema.org","@graph":[{"@type":"WebPage","@id":"https:\/\/algerienetwork.com\/economie\/qui-sommes-nous-2\/","url":"https:\/\/algerienetwork.com\/economie\/qui-sommes-nous-2\/","name":"Qui sommes nous - Algerie Network","isPartOf":{"@id":"https:\/\/algerienetwork.com\/economie\/#website"},"primaryImageOfPage":{"@id":"https:\/\/algerienetwork.com\/economie\/qui-sommes-nous-2\/#primaryimage"},"image":{"@id":"https:\/\/algerienetwork.com\/economie\/qui-sommes-nous-2\/#primaryimage"},"thumbnailUrl":"https:\/\/algerienetwork.com\/economie\/wp-content\/uploads\/2016\/07\/algerie-network-logo3.png","datePublished":"2012-09-24T23:47:33+00:00","breadcrumb":{"@id":"https:\/\/algerienetwork.com\/economie\/qui-sommes-nous-2\/#breadcrumb"},"inLanguage":"fr-FR","potentialAction":[{"@type":"ReadAction","target":["https:\/\/algerienetwork.com\/economie\/qui-sommes-nous-2\/"]}]},{"@type":"ImageObject","inLanguage":"fr-FR","@id":"https:\/\/algerienetwork.com\/economie\/qui-sommes-nous-2\/#primaryimage","url":"https:\/\/algerienetwork.com\/economie\/wp-content\/uploads\/2016\/07\/algerie-network-logo3.png","contentUrl":"https:\/\/algerienetwork.com\/economie\/wp-content\/uploads\/2016\/07\/algerie-network-logo3.png"},{"@type":"BreadcrumbList","@id":"https:\/\/algerienetwork.com\/economie\/qui-sommes-nous-2\/#breadcrumb","itemListElement":[{"@type":"ListItem","position":1,"name":"Accueil","item":"https:\/\/algerienetwork.com\/economie\/"},{"@type":"ListItem","position":2,"name":"Qui sommes nous"}]},{"@type":"WebSite","@id":"https:\/\/algerienetwork.com\/economie\/#website","url":"https:\/\/algerienetwork.com\/economie\/","name":"Algerie Network","description":"Informations alg\u00e9riennes","potentialAction":[{"@type":"SearchAction","target":{"@type":"EntryPoint","urlTemplate":"https:\/\/algerienetwork.com\/economie\/?s={search_term_string}"},"query-input":{"@type":"PropertyValueSpecification","valueRequired":true,"valueName":"search_term_string"}}],"inLanguage":"fr-FR"}]}},"_links":{"self":[{"href":"https:\/\/algerienetwork.com\/economie\/wp-json\/wp\/v2\/pages\/442","targetHints":{"allow":["GET"]}}],"collection":[{"href":"https:\/\/algerienetwork.com\/economie\/wp-json\/wp\/v2\/pages"}],"about":[{"href":"https:\/\/algerienetwork.com\/economie\/wp-json\/wp\/v2\/types\/page"}],"author":[{"embeddable":true,"href":"https:\/\/algerienetwork.com\/economie\/wp-json\/wp\/v2\/users\/1"}],"replies":[{"embeddable":true,"href":"https:\/\/algerienetwork.com\/economie\/wp-json\/wp\/v2\/comments?post=442"}],"version-history":[{"count":0,"href":"https:\/\/algerienetwork.com\/economie\/wp-json\/wp\/v2\/pages\/442\/revisions"}],"wp:attachment":[{"href":"https:\/\/algerienetwork.com\/economie\/wp-json\/wp\/v2\/media?parent=442"}],"curies":[{"name":"wp","href":"https:\/\/api.w.org\/{rel}","templated":true}]}}